{"id":396,"date":"2019-06-24T11:30:55","date_gmt":"2019-06-24T11:30:55","guid":{"rendered":"https:\/\/beboaquapark.hu\/?page_id=396"},"modified":"2019-07-15T15:09:31","modified_gmt":"2019-07-15T15:09:31","slug":"about-us","status":"publish","type":"page","link":"https:\/\/beboaquapark.hu\/en\/about-us\/","title":{"rendered":"About us"},"content":{"rendered":"<section class=\"wpb-content-wrapper\"><p>[vc_row row_type=&#8221;parallax&#8221; parallax_content_width=&#8221;in_grid&#8221; text_align=&#8221;center&#8221; background_image=&#8221;240&#8243; full_screen_section_height=&#8221;no&#8221;][vc_column][vc_row_inner row_type=&#8221;row&#8221; type=&#8221;full_width&#8221; text_align=&#8221;center&#8221; css_animation=&#8221;&#8221; css=&#8221;.vc_custom_1551689899600{padding-top: 10% !important;padding-bottom: 15% !important;}&#8221;][vc_column_inner][vc_column_text]<\/p>\n<h2><span style=\"color: #ffffff;\">About Us<\/span><\/h2>\n<p>[\/vc_column_text][\/vc_column_inner][\/vc_row_inner][\/vc_column][\/vc_row][vc_row css_animation=&#8221;&#8221; row_type=&#8221;row&#8221; use_row_as_full_screen_section=&#8221;no&#8221; type=&#8221;full_width&#8221; angled_section=&#8221;no&#8221; text_align=&#8221;left&#8221; background_image_as_pattern=&#8221;without_pattern&#8221;][vc_column css=&#8221;.vc_custom_1510217317722{margin-top: -6% !important;}&#8221;][vc_single_image image=&#8221;66&#8243; img_size=&#8221;full&#8221; alignment=&#8221;center&#8221; qode_css_animation=&#8221;&#8221;][\/vc_column][\/vc_row][vc_row css_animation=&#8221;&#8221; row_type=&#8221;row&#8221; use_row_as_full_screen_section=&#8221;no&#8221; type=&#8221;grid&#8221; angled_section=&#8221;no&#8221; text_align=&#8221;left&#8221; background_image_as_pattern=&#8221;without_pattern&#8221; css=&#8221;.vc_custom_1551690797491{padding-bottom: 30px !important;}&#8221; el_class=&#8221;rolunk&#8221; z_index=&#8221;&#8221;][vc_column][qode_elements_holder number_of_columns=&#8221;two_columns&#8221; columns_proportion=&#8221;33_66&#8243;][qode_elements_holder_item vertical_alignment=&#8221;middle&#8221; advanced_animations=&#8221;no&#8221;][vc_single_image image=&#8221;296&#8243; img_size=&#8221;full&#8221; alignment=&#8221;center&#8221; qode_css_animation=&#8221;&#8221; qode_hover_animation=&#8221;zoom_in&#8221; el_class=&#8221;img-shadow&#8221;][\/qode_elements_holder_item][qode_elements_holder_item item_padding=&#8221;50px&#8221; vertical_alignment=&#8221;middle&#8221; advanced_animations=&#8221;no&#8221;][vc_column_text]BEB\u00d3 Aquapark is one of the largest Wibit water park in Hungary, which is over 600 square meters located in\u00a0Si\u00f3fok, right in the center of the Gold Coast, at T\u00f6m\u00f6rk\u00e9ny Istv\u00e1n Street.<\/p>\n<p>Creating the park, it was our top priority to make it fun for every age.<br \/>\nTry new tricks on the trampoline, test your strength in the monkey cage, your long jumping ability over the water ditch or the tower, test your balance senses in the slippery bend and try out who you can launch the most out of the catapult! And that\u2019s not all\u2026<\/p>\n<p>Safety is very important for us so everybody who uses the park has to wear a life jacket.<br \/>\nThe Aquapark has a T\u00fcv S\u00fcd safety qualification.<\/p>\n<p>Time rushes during the game, don\u2019t forget to use suncream. \ud83d\ude09<br \/>\n[\/vc_column_text][vc_empty_space height=&#8221;30&#8243;][\/qode_elements_holder_item][\/qode_elements_holder][\/vc_column][\/vc_row][vc_row css_animation=&#8221;&#8221; row_type=&#8221;row&#8221; use_row_as_full_screen_section=&#8221;no&#8221; type=&#8221;full_width&#8221; angled_section=&#8221;no&#8221; text_align=&#8221;left&#8221; background_image_as_pattern=&#8221;without_pattern&#8221;][vc_column][vc_empty_space height=&#8221;100&#8243; el_class=&#8221;hide-on-mobile&#8221;][\/vc_column][\/vc_row]<\/p>\n<\/section>","protected":false},"excerpt":{"rendered":"<p>[vc_row row_type=&#8221;parallax&#8221; parallax_content_width=&#8221;in_grid&#8221; text_align=&#8221;center&#8221; background_image=&#8221;240&#8243; full_screen_section_height=&#8221;no&#8221;][vc_column][vc_row_inner row_type=&#8221;row&#8221; type=&#8221;full_width&#8221; text_align=&#8221;center&#8221; css_animation=&#8221;&#8221; css=&#8221;.vc_custom_1551689899600{padding-top: 10% !important;padding-bottom: 15% !important;}&#8221;][vc_column_inner][vc_column_text] About Us [\/vc_column_text][\/vc_column_inner][\/vc_row_inner][\/vc_column][\/vc_row][vc_row css_animation=&#8221;&#8221; row_type=&#8221;row&#8221; use_row_as_full_screen_section=&#8221;no&#8221; type=&#8221;full_width&#8221; angled_section=&#8221;no&#8221; text_align=&#8221;left&#8221; background_image_as_pattern=&#8221;without_pattern&#8221;][vc_column css=&#8221;.vc_custom_1510217317722{margin-top: -6% !important;}&#8221;][vc_single_image image=&#8221;66&#8243; img_size=&#8221;full&#8221; alignment=&#8221;center&#8221; qode_css_animation=&#8221;&#8221;][\/vc_column][\/vc_row][vc_row css_animation=&#8221;&#8221; row_type=&#8221;row&#8221; use_row_as_full_screen_section=&#8221;no&#8221; type=&#8221;grid&#8221; angled_section=&#8221;no&#8221; text_align=&#8221;left&#8221; background_image_as_pattern=&#8221;without_pattern&#8221; css=&#8221;.vc_custom_1551690797491{padding-bottom: 30px !important;}&#8221; el_class=&#8221;rolunk&#8221; z_index=&#8221;&#8221;][vc_column][qode_elements_holder number_of_columns=&#8221;two_columns&#8221;&#8230;<\/p>\n","protected":false},"author":2,"featured_media":0,"parent":0,"menu_order":0,"comment_status":"closed","ping_status":"closed","template":"full_width.php","meta":{"footnotes":""},"class_list":["post-396","page","type-page","status-publish","hentry"],"_links":{"self":[{"href":"https:\/\/beboaquapark.hu\/en\/wp-json\/wp\/v2\/pages\/396","targetHints":{"allow":["GET"]}}],"collection":[{"href":"https:\/\/beboaquapark.hu\/en\/wp-json\/wp\/v2\/pages"}],"about":[{"href":"https:\/\/beboaquapark.hu\/en\/wp-json\/wp\/v2\/types\/page"}],"author":[{"embeddable":true,"href":"https:\/\/beboaquapark.hu\/en\/wp-json\/wp\/v2\/users\/2"}],"replies":[{"embeddable":true,"href":"https:\/\/beboaquapark.hu\/en\/wp-json\/wp\/v2\/comments?post=396"}],"version-history":[{"count":4,"href":"https:\/\/beboaquapark.hu\/en\/wp-json\/wp\/v2\/pages\/396\/revisions"}],"predecessor-version":[{"id":462,"href":"https:\/\/beboaquapark.hu\/en\/wp-json\/wp\/v2\/pages\/396\/revisions\/462"}],"wp:attachment":[{"href":"https:\/\/beboaquapark.hu\/en\/wp-json\/wp\/v2\/media?parent=396"}],"curies":[{"name":"wp","href":"https:\/\/api.w.org\/{rel}","templated":true}]}}