{"id":411,"date":"2019-06-24T12:17:06","date_gmt":"2019-06-24T12:17:06","guid":{"rendered":"https:\/\/beboaquapark.hu\/?page_id=411"},"modified":"2025-08-29T10:15:15","modified_gmt":"2025-08-29T10:15:15","slug":"contact-us","status":"publish","type":"page","link":"https:\/\/beboaquapark.hu\/en\/contact-us\/","title":{"rendered":"Contact us"},"content":{"rendered":"<section class=\"wpb-content-wrapper\"><p>[vc_row css_animation=&#8221;&#8221; row_type=&#8221;row&#8221; use_row_as_full_screen_section=&#8221;no&#8221; type=&#8221;full_width&#8221; angled_section=&#8221;no&#8221; text_align=&#8221;left&#8221; background_image_as_pattern=&#8221;without_pattern&#8221;][vc_column]<div class='google_map_shortcode_holder' style='height:435px;'><div class='qode_google_map' style='height:435px;' id='map_canvas_6292' data-addresses='[\"Si\u00f3fok, T\u00f6m\u00f6rk\u00e9nyi u. v\u00e9ge, 8600\"]' data-custom-map-style='false' data-color-overlay='#393939' data-saturation='-100' data-lightness='-60' data-zoom='17' data-pin='https:\/\/beboaquapark.hu\/wp-content\/uploads\/map-pin-1.png' data-unique-id='6292' data-google-maps-scroll-wheel='false' data-snazzy-map-style='no' data-map-height='435'><\/div><div class='google_map_shortcode_overlay'><\/div><\/div>[\/vc_column][\/vc_row][vc_row css_animation=&#8221;&#8221; row_type=&#8221;row&#8221; use_row_as_full_screen_section=&#8221;no&#8221; type=&#8221;grid&#8221; angled_section=&#8221;no&#8221; text_align=&#8221;left&#8221; background_image_as_pattern=&#8221;without_pattern&#8221; css=&#8221;.vc_custom_1510221264701{padding-top: 105px !important;}&#8221;][vc_column offset=&#8221;vc_col-lg-5 vc_col-md-5 vc_col-xs-12&#8243;][vc_single_image image=&#8221;295&#8243; img_size=&#8221;full&#8221; qode_css_animation=&#8221;&#8221; el_class=&#8221;img-shadow&#8221;][vc_empty_space][\/vc_column][vc_column css=&#8221;.vc_custom_1510221655471{margin-left: 5% !important;}&#8221; offset=&#8221;vc_col-lg-7 vc_col-md-7 vc_col-xs-12&#8243;][vc_empty_space height=&#8221;50px&#8221; el_class=&#8221;hideonmobile&#8221;][vc_column_text]<\/p>\n<h3><b>Visit us!<\/b><\/h3>\n<p>[\/vc_column_text][vc_empty_space height=&#8221;40px&#8221;][vc_column_text]<i class=\"qodef-icon-dripicons dripicon dripicons-pin qode_iwt_icon_element\" style=\"color: #1d1d1d; padding-right: 10px;\"><\/i> <a href=\"https:\/\/www.google.hu\/maps\/place\/BEB%C3%93+AQUAPARK+Kft\/@46.9229377,18.0840817,17z\/data=!4m8!1m2!2m1!1zVMO2bcO2cmvDqW55IElzdHbDoW4gdXRjYSB2w6lnZSBTacOzZm9rIDg2MDA!3m4!1s0x0:0x9fb25d22ae876948!8m2!3d46.923191!4d18.086063\" target=\"_blank\" rel=\"noopener noreferrer\">8600 Si\u00f3fok, T\u00f6m\u00f6rk\u00e9ny I. street &#8211; Balaton-part<\/a>[\/vc_column_text][vc_column_text]<i class=\"qodef-icon-dripicons dripicon dripicons-phone qode_iwt_icon_element\" style=\"color: #1d1d1d; padding-right: 10px;\"><\/i> <a href=\"tel:+36302859885\" target=\"_blank\" rel=\"noopener noreferrer\">+36 30 285 9885<\/a>[\/vc_column_text][vc_column_text]<i class=\"qodef-icon-dripicons dripicon dripicons-mail qode_iwt_icon_element\" style=\"color: #1d1d1d; padding-right: 10px;\"><\/i> <a href=\"mailto:info@beboaquapark.hu\" target=\"_blank\" rel=\"noopener noreferrer\">info@beboaquapark.hu<\/a>[\/vc_column_text][vc_column_text]<i class=\"qodef-icon-dripicons dripicon dripicons-calendar qode_iwt_icon_element\" style=\"color: #1d1d1d; padding-right: 10px;\"><\/i> Every day from 10 to 20 hours[\/vc_column_text][vc_column_text]We are CLOSED until June 2026.[\/vc_column_text][\/vc_column][\/vc_row][vc_row css_animation=&#8221;&#8221; row_type=&#8221;row&#8221; use_row_as_full_screen_section=&#8221;no&#8221; type=&#8221;full_width&#8221; angled_section=&#8221;no&#8221; text_align=&#8221;left&#8221; background_image_as_pattern=&#8221;without_pattern&#8221;][vc_column][vc_empty_space height=&#8221;80px&#8221;][\/vc_column][\/vc_row]<\/p>\n<\/section>","protected":false},"excerpt":{"rendered":"<p>[vc_row css_animation=&#8221;&#8221; row_type=&#8221;row&#8221; use_row_as_full_screen_section=&#8221;no&#8221; type=&#8221;full_width&#8221; angled_section=&#8221;no&#8221; text_align=&#8221;left&#8221; background_image_as_pattern=&#8221;without_pattern&#8221;][vc_column][\/vc_column][\/vc_row][vc_row css_animation=&#8221;&#8221; row_type=&#8221;row&#8221; use_row_as_full_screen_section=&#8221;no&#8221; type=&#8221;grid&#8221; angled_section=&#8221;no&#8221; text_align=&#8221;left&#8221; background_image_as_pattern=&#8221;without_pattern&#8221; css=&#8221;.vc_custom_1510221264701{padding-top: 105px !important;}&#8221;][vc_column offset=&#8221;vc_col-lg-5 vc_col-md-5 vc_col-xs-12&#8243;][vc_single_image image=&#8221;295&#8243; img_size=&#8221;full&#8221; qode_css_animation=&#8221;&#8221; el_class=&#8221;img-shadow&#8221;][vc_empty_space][\/vc_column][vc_column css=&#8221;.vc_custom_1510221655471{margin-left: 5% !important;}&#8221; offset=&#8221;vc_col-lg-7 vc_col-md-7 vc_col-xs-12&#8243;][vc_empty_space height=&#8221;50px&#8221; el_class=&#8221;hideonmobile&#8221;][vc_column_text] Visit us! [\/vc_column_text][vc_empty_space height=&#8221;40px&#8221;][vc_column_text] 8600 Si\u00f3fok, T\u00f6m\u00f6rk\u00e9ny I. street &#8211; Balaton-part[\/vc_column_text][vc_column_text] +36&#8230;<\/p>\n","protected":false},"author":2,"featured_media":0,"parent":0,"menu_order":0,"comment_status":"closed","ping_status":"closed","template":"full_width.php","meta":{"footnotes":""},"class_list":["post-411","page","type-page","status-publish","hentry"],"_links":{"self":[{"href":"https:\/\/beboaquapark.hu\/en\/wp-json\/wp\/v2\/pages\/411","targetHints":{"allow":["GET"]}}],"collection":[{"href":"https:\/\/beboaquapark.hu\/en\/wp-json\/wp\/v2\/pages"}],"about":[{"href":"https:\/\/beboaquapark.hu\/en\/wp-json\/wp\/v2\/types\/page"}],"author":[{"embeddable":true,"href":"https:\/\/beboaquapark.hu\/en\/wp-json\/wp\/v2\/users\/2"}],"replies":[{"embeddable":true,"href":"https:\/\/beboaquapark.hu\/en\/wp-json\/wp\/v2\/comments?post=411"}],"version-history":[{"count":6,"href":"https:\/\/beboaquapark.hu\/en\/wp-json\/wp\/v2\/pages\/411\/revisions"}],"predecessor-version":[{"id":562,"href":"https:\/\/beboaquapark.hu\/en\/wp-json\/wp\/v2\/pages\/411\/revisions\/562"}],"wp:attachment":[{"href":"https:\/\/beboaquapark.hu\/en\/wp-json\/wp\/v2\/media?parent=411"}],"curies":[{"name":"wp","href":"https:\/\/api.w.org\/{rel}","templated":true}]}}